{"id":16,"date":"2023-09-22T17:24:36","date_gmt":"2023-09-22T15:24:36","guid":{"rendered":"https:\/\/cfaspain.com\/online-courses\/?post_type=product&#038;p=16"},"modified":"2025-07-31T13:33:20","modified_gmt":"2025-07-31T11:33:20","slug":"cfa-program-level-i-online-review-course","status":"publish","type":"product","link":"https:\/\/cfaspain.com\/online-courses\/producto\/cfa-program-level-i-online-review-course\/","title":{"rendered":"CFA Program Level I Online Review Course"},"content":{"rendered":"<div class=\"wpb-content-wrapper\"><p>[vc_row row_height_percent=&#8221;0&#8243; override_padding=&#8221;yes&#8221; h_padding=&#8221;2&#8243; top_padding=&#8221;0&#8243; bottom_padding=&#8221;2&#8243; overlay_alpha=&#8221;50&#8243; equal_height=&#8221;yes&#8221; gutter_size=&#8221;3&#8243; column_width_percent=&#8221;100&#8243; shift_y=&#8221;0&#8243; z_index=&#8221;0&#8243; uncode_shortcode_id=&#8221;406722&#8243;][vc_column column_width_percent=&#8221;100&#8243; gutter_size=&#8221;2&#8243; back_color=&#8221;color-xsdn&#8221; overlay_alpha=&#8221;50&#8243; radius=&#8221;std&#8221; shadow=&#8221;xs&#8221; shift_x=&#8221;0&#8243; shift_y=&#8221;0&#8243; shift_y_down=&#8221;0&#8243; z_index=&#8221;0&#8243; medium_width=&#8221;0&#8243; mobile_width=&#8221;0&#8243; width=&#8221;5\/12&#8243; uncode_shortcode_id=&#8221;865251&#8243; back_color_type=&#8221;uncode-palette&#8221; el_class=&#8221;w-top-blue&#8221;][vc_custom_heading text_color=&#8221;color-nhtu&#8221; heading_semantic=&#8221;h6&#8243; text_size=&#8221;h3&#8243; uncode_shortcode_id=&#8221;200751&#8243; text_color_type=&#8221;uncode-palette&#8221;]Descripci\u00f3n[\/vc_custom_heading][vc_column_text uncode_shortcode_id=&#8221;471674&#8243;]<span style=\"text-decoration: underline;\">Curso<\/span>: CFA Level I Review Course<br \/>\n<span style=\"text-decoration: underline;\">Duraci\u00f3n<\/span>: 60 horas lectivas<br \/>\n<span style=\"text-decoration: underline;\">Calendario<\/span>: Nov 2025 \u2013 Abr 2026<br \/>\n<span style=\"text-decoration: underline;\">Horario<\/span>: Martes, de 18h a 21h<br \/>\n<span style=\"text-decoration: underline;\">Formato<\/span>: Streaming<br \/>\n<span style=\"text-decoration: underline;\">Idioma<\/span>: Castellano (materiales en ingl\u00e9s)<\/p>\n<h4>\u00a1Ap\u00fantate ya a nuestro nuevo curso<br \/>\nde preparaci\u00f3n online!<\/h4>\n<p>[\/vc_column_text][\/vc_column][vc_column column_width_percent=&#8221;100&#8243; gutter_size=&#8221;2&#8243; back_color=&#8221;color-xsdn&#8221; overlay_alpha=&#8221;50&#8243; radius=&#8221;std&#8221; shadow=&#8221;xs&#8221; shift_x=&#8221;0&#8243; shift_y=&#8221;0&#8243; shift_y_down=&#8221;0&#8243; z_index=&#8221;0&#8243; medium_width=&#8221;0&#8243; mobile_width=&#8221;0&#8243; width=&#8221;7\/12&#8243; uncode_shortcode_id=&#8221;168824&#8243; back_color_type=&#8221;uncode-palette&#8221; el_class=&#8221;w-top-blue&#8221;][vc_custom_heading text_color=&#8221;color-nhtu&#8221; heading_semantic=&#8221;h6&#8243; text_size=&#8221;h3&#8243; uncode_shortcode_id=&#8221;140966&#8243; text_color_type=&#8221;uncode-palette&#8221;]Contenidos[\/vc_custom_heading][vc_column_text uncode_shortcode_id=&#8221;103547&#8243;]<i>M\u00f3dulo 1<\/i>: Quantitative Methods<br \/>\n<i>M\u00f3dulo 2<\/i>: Economics<br \/>\n<i>M\u00f3dulo 3<\/i>: Financial Statement Analysis<br \/>\n<i>M\u00f3dulo 4<\/i>: Corporate Issuers<br \/>\n<i>M\u00f3dulo 5<\/i>: Equity investments<br \/>\n<i>M\u00f3dulo 6<\/i>: Fixed Income<br \/>\n<i>M\u00f3dulo 7<\/i>: Derivatives<br \/>\n<i>M\u00f3dulo 8<\/i>: Alternative Investments<br \/>\n<i>M\u00f3dulo 9<\/i>: Portfolio Management and Wealth Planning<br \/>\n<i>M\u00f3dulo 10<\/i>: Ethical &amp; Professional Standards[\/vc_column_text][\/vc_column][\/vc_row][vc_row row_height_percent=&#8221;0&#8243; override_padding=&#8221;yes&#8221; h_padding=&#8221;2&#8243; top_padding=&#8221;0&#8243; bottom_padding=&#8221;2&#8243; overlay_alpha=&#8221;50&#8243; gutter_size=&#8221;3&#8243; column_width_percent=&#8221;100&#8243; shift_y=&#8221;0&#8243; z_index=&#8221;0&#8243; uncode_shortcode_id=&#8221;693691&#8243;][vc_column column_width_percent=&#8221;100&#8243; align_horizontal=&#8221;align_center&#8221; gutter_size=&#8221;1&#8243; back_color=&#8221;color-xsdn&#8221; overlay_alpha=&#8221;50&#8243; radius=&#8221;std&#8221; shadow=&#8221;xs&#8221; shift_x=&#8221;0&#8243; shift_y=&#8221;0&#8243; shift_y_down=&#8221;0&#8243; z_index=&#8221;0&#8243; medium_width=&#8221;0&#8243; mobile_width=&#8221;0&#8243; width=&#8221;1\/1&#8243; uncode_shortcode_id=&#8221;700597&#8243; back_color_type=&#8221;uncode-palette&#8221; el_class=&#8221;w-list-style-disc w-top-black&#8221;][vc_column_text uncode_shortcode_id=&#8221;152091&#8243;]Incluye acceso al exclusivo <strong>Online LIVE PACKAGE<\/strong> de Kaplan-Schweser valorado en 900\u20ac.<br \/>\nSchweserNotes\u2122 Volumes 1-5, Schweser\u2019s QuickSheet, Practice Exams, Volumes 1&amp;2, SchweserPro\u2122 Qbank con m\u00e1s de 4000 preguntas, On Demand Instruction Videos, Instructor-Led Office Hours, Secret Sauce\u00ae, Self-Test Assessment.[\/vc_column_text][\/vc_column][\/vc_row][vc_row row_height_percent=&#8221;0&#8243; override_padding=&#8221;yes&#8221; h_padding=&#8221;2&#8243; top_padding=&#8221;0&#8243; bottom_padding=&#8221;2&#8243; overlay_alpha=&#8221;50&#8243; gutter_size=&#8221;3&#8243; column_width_percent=&#8221;100&#8243; shift_y=&#8221;0&#8243; z_index=&#8221;0&#8243; uncode_shortcode_id=&#8221;538307&#8243;][vc_column column_width_percent=&#8221;100&#8243; gutter_size=&#8221;3&#8243; back_color=&#8221;color-lxmt&#8221; overlay_alpha=&#8221;50&#8243; radius=&#8221;std&#8221; shift_x=&#8221;0&#8243; shift_y=&#8221;0&#8243; shift_y_down=&#8221;0&#8243; z_index=&#8221;0&#8243; medium_width=&#8221;0&#8243; mobile_width=&#8221;0&#8243; width=&#8221;1\/1&#8243; uncode_shortcode_id=&#8221;432755&#8243; back_color_type=&#8221;uncode-palette&#8221; el_class=&#8221;w-list-style-disc&#8221;][vc_column_text uncode_shortcode_id=&#8221;774689&#8243;]<\/p>\n<h4>Los alumnos de este curso tienen acceso a importantes ventajas:<\/h4>\n<ul>\n<li>Acceso al claustro de profesores de CFA Society Spain, todos CFA Charterholders con amplia experiencia profesional.<\/li>\n<li>M\u00e1s de 20 horas de tests de autoevaluaci\u00f3n desde la plataforma de aprendizaje online de CFA Society Spain.<\/li>\n<li>Las sesiones ser\u00e1n grabadas y estar\u00e1n disponibles en la plataforma de aprendizaje online durante toda la duraci\u00f3n del curso.<\/li>\n<\/ul>\n<p>[\/vc_column_text][\/vc_column][\/vc_row]<\/p>\n<\/div>","protected":false},"excerpt":{"rendered":"<p><span class=\"h3 headings-color price\">\u20ac 990<\/span> para miembros de CFA Society Spain.<br \/>\n<em>Solicita tu c\u00f3digo de descuento en <\/em><a href=\"mailto:info@cfaspain.org\" target=\"_blank\" rel=\"noopener\"><u><em>info@cfaspain.org<\/em><\/u><\/a><\/p>\n<p>\u00a1Ap\u00fantate ya a nuestro nuevo curso de preparaci\u00f3n online!<\/p>\n","protected":false},"featured_media":17,"template":"","meta":[],"product_brand":[],"product_cat":[15],"product_tag":[],"class_list":{"0":"post-16","1":"product","2":"type-product","3":"status-publish","4":"has-post-thumbnail","6":"product_cat-cursos-online","8":"first","9":"instock","10":"virtual","11":"sold-individually","12":"taxable","13":"purchasable","14":"product-type-simple"},"_links":{"self":[{"href":"https:\/\/cfaspain.com\/online-courses\/wp-json\/wp\/v2\/product\/16","targetHints":{"allow":["GET"]}}],"collection":[{"href":"https:\/\/cfaspain.com\/online-courses\/wp-json\/wp\/v2\/product"}],"about":[{"href":"https:\/\/cfaspain.com\/online-courses\/wp-json\/wp\/v2\/types\/product"}],"wp:featuredmedia":[{"embeddable":true,"href":"https:\/\/cfaspain.com\/online-courses\/wp-json\/wp\/v2\/media\/17"}],"wp:attachment":[{"href":"https:\/\/cfaspain.com\/online-courses\/wp-json\/wp\/v2\/media?parent=16"}],"wp:term":[{"taxonomy":"product_brand","embeddable":true,"href":"https:\/\/cfaspain.com\/online-courses\/wp-json\/wp\/v2\/product_brand?post=16"},{"taxonomy":"product_cat","embeddable":true,"href":"https:\/\/cfaspain.com\/online-courses\/wp-json\/wp\/v2\/product_cat?post=16"},{"taxonomy":"product_tag","embeddable":true,"href":"https:\/\/cfaspain.com\/online-courses\/wp-json\/wp\/v2\/product_tag?post=16"}],"curies":[{"name":"wp","href":"https:\/\/api.w.org\/{rel}","templated":true}]}}